{"id":915,"date":"2025-04-02T18:32:41","date_gmt":"2025-04-02T16:32:41","guid":{"rendered":"https:\/\/imn-prod.onlinecreation.pro\/?page_id=915"},"modified":"2025-07-04T11:05:16","modified_gmt":"2025-07-04T09:05:16","slug":"vector-core","status":"publish","type":"page","link":"https:\/\/imn.u-bordeaux.fr\/fr\/plateformes\/vector-core\/","title":{"rendered":"Vector Core"},"content":{"rendered":"\n<p><strong>A propos<\/strong><\/p>\n\n\n\n<p>IMN Vector Core est un service complet qui poss\u00e8de une vaste exp\u00e9rience dans la production de vecteurs viraux ad\u00e9no-associ\u00e9s recombinants (rAAV). Notre objectif principal est de fournir des vecteurs AAV personnalis\u00e9s de haute qualit\u00e9 et de soutenir la communaut\u00e9 de la recherche universitaire et industrielle. Notre centre est sp\u00e9cialis\u00e9 dans la production de vecteurs AAV de qualit\u00e9 recherche pour des \u00e9tudes<em> in vitro<\/em> et <em>in vivo<\/em>.<\/p>\n\n\n\n<p><strong>Services<\/strong><\/p>\n\n\n\n<p>Vector Core fournit des services de production d&rsquo;AAV sur mesure, y compris le clonage mol\u00e9culaire de plasmides AAV, la production \u00e0 grande \u00e9chelle de vecteurs hautement purifi\u00e9s qui conviennent \u00e0 la fois aux \u00e9tudes <em>in vitro<\/em> et <em>in vivo<\/em> et la production \u00e0 petite \u00e9chelle \u00e0 partir de lysats bruts pour les \u00e9tudes<em> in vitro<\/em> uniquement. <em>Le d\u00e9lai d&rsquo;ex\u00e9cution approximatif est de 5 \u00e0 6 semaines et de 2 semaines pour les productions purifi\u00e9es et les productions \u00e0 partir de lysat.<\/em> Nous proposons \u00e9galement des conseils gratuits sur la conception des constructions AAV et la s\u00e9lection des capside AAV.<\/p>\n\n\n\n<p><strong>Demander un devis<\/strong><\/p>\n\n\n\n<p>Veuillez compl\u00e9ter et envoyer par e-mail la <strong><a href=\"http:\/\/imn-prod.onlinecreation.pro\/wp-content\/uploads\/sites\/26\/2025\/07\/Quote-Request.pdf\">demande de devis<\/a><\/strong> et les <strong><a href=\"http:\/\/imn-prod.onlinecreation.pro\/wp-content\/uploads\/sites\/26\/2025\/07\/Terms-and-Conditions.pdf\">conditions g\u00e9n\u00e9rales<\/a><\/strong> \u00e0 <a href=\"mailto:plavec@u-bordeaux.fr\">plavec@u-bordeaux.fr<\/a>.<\/p>\n\n\n\n<p>Une fois votre demande re\u00e7ue, nous r\u00e9alisons une \u00e9tude de faisabilit\u00e9 et vous recevrez un devis dans les 5 jours ouvrables. La production du vecteur n&rsquo;est lanc\u00e9e qu&rsquo;apr\u00e8s r\u00e9ception de votre bon de commande et du mat\u00e9riel n\u00e9cessaire (200\u00b5g de votre plasmide AAV).<\/p>\n\n\n\n<p>IMN Vector Core<br>A l&rsquo;attention\u00a0de : Dr. Nathalie Dutheil<\/p>\n\n\n\n<p>Institut des Maladies Neurod\u00e9g\u00e9n\u00e9ratives\/ CNRS UMR 5293<br>Universit\u00e9 de Bordeaux \u2013 Case 28<br>Centre Broca Nouvelle-Aquitaine \u2013 3<sup>\u00e8me<\/sup> \u00e9tage<br>146 rue Leo Saignat \u2013 CS 61292<br>33076 Bordeaux cedex<br>France<\/p>\n\n\n\n<p><strong>Concernant les publications<\/strong><\/p>\n\n\n\n<p>Les publications contenant des donn\u00e9es, des r\u00e9sultats ou des images g\u00e9n\u00e9r\u00e9s par l&rsquo;utilisation de vecteurs viraux produits par l&rsquo;IMN Vector Core doivent le mentionner et le chercheur principal accepte de fournir un dossier de publication. Dans le cas o\u00f9 nous avons apport\u00e9 des contributions intellectuelles significatives au projet de recherche ou dans le cas de d\u00e9veloppements techniques sp\u00e9cifiques au projet, le personnel cl\u00e9 qui a contribu\u00e9 doit \u00eatre mentionn\u00e9 dans la publication.<\/p>\n\n\n\n<p><strong>Cheffe d&rsquo;\u00e9quipe <\/strong><\/p>\n\n\n\n<p>DUTHEIL Nathalie, Ing\u00e9nieure CNRS <\/p>\n\n\n\n<p><strong>Membres<\/strong><\/p>\n\n\n\n<p>LARGITTE Leslie-Ann, ing\u00e9nieure CNRS <br>THIOLAT Marie-Laure, ing\u00e9nieure UB<\/p>\n\n\n\n<p>Pour plus de renseignements, contactez Dr Nathalie Dutheil <a href=\"mailto:nathalie.dutheil@u-bordeaux.fr\">nathalie.dutheil@u-bordeaux.fr<\/a><\/p>\n","protected":false},"excerpt":{"rendered":"<p>A propos IMN Vector Core est un service complet qui poss\u00e8de une vaste exp\u00e9rience dans la production de vecteurs viraux [&hellip;]<\/p>\n","protected":false},"author":8,"featured_media":0,"parent":109,"menu_order":0,"comment_status":"closed","ping_status":"closed","template":"","meta":{"footnotes":""},"class_list":["post-915","page","type-page","status-publish","hentry"],"_links":{"self":[{"href":"https:\/\/imn.u-bordeaux.fr\/fr\/wp-json\/wp\/v2\/pages\/915","targetHints":{"allow":["GET"]}}],"collection":[{"href":"https:\/\/imn.u-bordeaux.fr\/fr\/wp-json\/wp\/v2\/pages"}],"about":[{"href":"https:\/\/imn.u-bordeaux.fr\/fr\/wp-json\/wp\/v2\/types\/page"}],"author":[{"embeddable":true,"href":"https:\/\/imn.u-bordeaux.fr\/fr\/wp-json\/wp\/v2\/users\/8"}],"replies":[{"embeddable":true,"href":"https:\/\/imn.u-bordeaux.fr\/fr\/wp-json\/wp\/v2\/comments?post=915"}],"version-history":[{"count":6,"href":"https:\/\/imn.u-bordeaux.fr\/fr\/wp-json\/wp\/v2\/pages\/915\/revisions"}],"predecessor-version":[{"id":973,"href":"https:\/\/imn.u-bordeaux.fr\/fr\/wp-json\/wp\/v2\/pages\/915\/revisions\/973"}],"up":[{"embeddable":true,"href":"https:\/\/imn.u-bordeaux.fr\/fr\/wp-json\/wp\/v2\/pages\/109"}],"wp:attachment":[{"href":"https:\/\/imn.u-bordeaux.fr\/fr\/wp-json\/wp\/v2\/media?parent=915"}],"curies":[{"name":"wp","href":"https:\/\/api.w.org\/{rel}","templated":true}]}}