{"id":897,"date":"2025-06-25T16:06:25","date_gmt":"2025-06-25T14:06:25","guid":{"rendered":"https:\/\/imn-prod.onlinecreation.pro\/?page_id=897"},"modified":"2025-07-04T11:33:08","modified_gmt":"2025-07-04T09:33:08","slug":"histocare","status":"publish","type":"page","link":"https:\/\/imn.u-bordeaux.fr\/fr\/plateformes\/histocare\/","title":{"rendered":"HistoCARE"},"content":{"rendered":"\n<p>HistoCARE est une plateforme de l&rsquo;IMN, situ\u00e9e au 3\u00e8me \u00e9tage du Centre Broca Nouvelle-Aquitaine, au sein du Neurocampus de Bordeaux. Elle est principalement d\u00e9di\u00e9e \u00e0 la caract\u00e9risation histologique de mod\u00e8les animaux de maladies neurod\u00e9g\u00e9n\u00e9ratives.<\/p>\n\n\n\n<p>Sandra DOVERO (IR-CNRS, responsable)<br>Nathalie BIENDON (TCE-CNRS)<\/p>\n\n\n\n<p><a href=\"mailto:imn.histocare@u-bordeaux.fr\">imn.histocare@u-bordeaux.fr<\/a><\/p>\n\n\n\n<h2 class=\"wp-block-heading\">Pourquoi HistoCARE ? <\/h2>\n\n\n\n<p>Notre objectif est de mettre en commun notre savoir-faire et de collaborer avec diff\u00e9rents chercheurs, d&rsquo;o\u00f9 qu&rsquo;ils viennent, pour les aider \u00e0 mener \u00e0 bien leurs projets en utilisant toutes les possibilit\u00e9s offertes par nos comp\u00e9tences en histologie dans une d\u00e9marche qualitative et d&rsquo;am\u00e9lioration continue.<\/p>\n\n\n\n<p>Ce qui rend notre service unique, c&rsquo;est notre capacit\u00e9 \u00e0 g\u00e9rer de grandes cohortes de pratiquement toutes les esp\u00e8ces en utilisant des techniques de routine. Notre structure de prix n&rsquo;inclut aucun co\u00fbt salarial pour les laboratoires universitaires, ce qui rend nos tarifs particuli\u00e8rement attractifs.<\/p>\n\n\n\n<p>Nous disposons des ressources humaines (2 statutaires \u00e0 temps plein), des \u00e9quipements (cryostats, vibratomes, divers syst\u00e8mes automatis\u00e9s, diverses stations de microscopie en champ clair ou en fluorescence, scanners virtuels de lames, stations d&rsquo;analyse en diff\u00e9r\u00e9, etc.) et surtout de l&rsquo;expertise avec plus de 25 ans d&rsquo;exp\u00e9rience dans le domaine.<\/p>\n\n\n\n<p>Au sein de cette plateforme, nous proposons des services (enti\u00e8rement r\u00e9alis\u00e9s en interne) pour tout ou partie de projets impliquant des techniques d&rsquo;histologie, principalement dans le domaine des neurosciences, tels que :<\/p>\n\n\n\n<ul class=\"wp-block-list\">\n<li>Manipulation de tissus d\u00e9j\u00e0 pr\u00e9lev\u00e9s (tous les mod\u00e8les)<\/li>\n\n\n\n<li>Coupes de tissus<\/li>\n\n\n\n<li>IHC (fond clair et fluorescence)<\/li>\n\n\n\n<li>Coloration<\/li>\n\n\n\n<li>Diapositives virtuelles et analyse d&rsquo;images<\/li>\n<\/ul>\n\n\n\n<p>HistoCARE \u00e9tant une entit\u00e9 de l&rsquo;IMN, nous donnons la priorit\u00e9 aux demandes \u00e9manant de notre institut. Bien entendu, nous restons vigilants \u00e0 maintenir un \u00e9quilibre entre la demande et ce que nous pouvons offrir : il est essentiel de ne pas compromettre la qualit\u00e9 de notre travail et la sant\u00e9 de notre \u00e9quipe.<\/p>\n\n\n\n<p>Vous avez des projets en rapport avec l&rsquo;histologie ? N&rsquo;h\u00e9sitez pas \u00e0 nous contacter !<\/p>\n\n\n\n<h2 class=\"wp-block-heading\">Vous faites partie de l&rsquo;IMN ? <\/h2>\n\n\n\n<p>Cette plateforme permet \u00e0 toutes les \u00e9quipes de l&rsquo;IMN d&rsquo;avoir acc\u00e8s \u00e0 :<\/p>\n\n\n\n<ul class=\"wp-block-list\">\n<li>Une gamme d&rsquo;\u00e9quipements et de consommables<\/li>\n\n\n\n<li>Un panel de formation \u00e0 l&rsquo;histologie (apprendre \u00e0 utiliser l&rsquo;un des \u00e9quipements disponibles sur la plateforme)<\/li>\n\n\n\n<li>Une assistance technique (r\u00e9aliser une partie des exp\u00e9riences de votre projet : pr\u00e9paration des tissus, coupe, immunomarquage, analyses, etc.)<\/li>\n\n\n\n<li>Collaboration scientifique (prise en charge de l&rsquo;analyse histologique compl\u00e8te des tissus de votre projet)<\/li>\n<\/ul>\n\n\n\n<p>Retrouvez un espace d\u00e9di\u00e9 \u00e0 la sauvegarde et \u00e0 la mise \u00e0 disposition de documents sur : \\Filer2-IMN\\P4. Toute personne de l&rsquo;unit\u00e9 disposant d&rsquo;un compte universitaire peut y acc\u00e9der sur demande du chef d&rsquo;\u00e9quipe aupr\u00e8s de notre responsable informatique.<\/p>\n","protected":false},"excerpt":{"rendered":"<p>HistoCARE est une plateforme de l&rsquo;IMN, situ\u00e9e au 3\u00e8me \u00e9tage du Centre Broca Nouvelle-Aquitaine, au sein du Neurocampus de Bordeaux. [&hellip;]<\/p>\n","protected":false},"author":8,"featured_media":0,"parent":109,"menu_order":1,"comment_status":"closed","ping_status":"closed","template":"","meta":{"footnotes":""},"class_list":["post-897","page","type-page","status-publish","hentry"],"_links":{"self":[{"href":"https:\/\/imn.u-bordeaux.fr\/fr\/wp-json\/wp\/v2\/pages\/897","targetHints":{"allow":["GET"]}}],"collection":[{"href":"https:\/\/imn.u-bordeaux.fr\/fr\/wp-json\/wp\/v2\/pages"}],"about":[{"href":"https:\/\/imn.u-bordeaux.fr\/fr\/wp-json\/wp\/v2\/types\/page"}],"author":[{"embeddable":true,"href":"https:\/\/imn.u-bordeaux.fr\/fr\/wp-json\/wp\/v2\/users\/8"}],"replies":[{"embeddable":true,"href":"https:\/\/imn.u-bordeaux.fr\/fr\/wp-json\/wp\/v2\/comments?post=897"}],"version-history":[{"count":2,"href":"https:\/\/imn.u-bordeaux.fr\/fr\/wp-json\/wp\/v2\/pages\/897\/revisions"}],"predecessor-version":[{"id":976,"href":"https:\/\/imn.u-bordeaux.fr\/fr\/wp-json\/wp\/v2\/pages\/897\/revisions\/976"}],"up":[{"embeddable":true,"href":"https:\/\/imn.u-bordeaux.fr\/fr\/wp-json\/wp\/v2\/pages\/109"}],"wp:attachment":[{"href":"https:\/\/imn.u-bordeaux.fr\/fr\/wp-json\/wp\/v2\/media?parent=897"}],"curies":[{"name":"wp","href":"https:\/\/api.w.org\/{rel}","templated":true}]}}