{"id":782,"date":"2025-04-30T10:25:03","date_gmt":"2025-04-30T08:25:03","guid":{"rendered":"https:\/\/imn-prod.onlinecreation.pro\/?page_id=782"},"modified":"2025-11-21T12:12:46","modified_gmt":"2025-11-21T11:12:46","slug":"equipes-imn","status":"publish","type":"page","link":"https:\/\/imn.u-bordeaux.fr\/fr\/equipes-imn\/","title":{"rendered":"Equipes"},"content":{"rendered":"\n<p><strong><a href=\"https:\/\/imn.u-bordeaux.fr\/fr\/teams\/56848-pathophysiology-of-proteinopathies\/\">Equipe 1 &#8211; Physiopathologie des prot\u00e9inopathies<\/a><\/strong><br>Erwan Bezard<\/p>\n\n\n\n<p><strong><a href=\"https:\/\/imn.u-bordeaux.fr\/fr\/teams\/125573-purinergic-mediated-neuroinflammation-and-brain-disorders\/\">Equipe 2 &#8211; Signalisation purinergique, inflammation et troubles neurologiques<\/a><\/strong><br>Eric Bou\u00e9-Grabot, Marc Landry<\/p>\n\n\n\n<p><strong><a href=\"https:\/\/imn.u-bordeaux.fr\/en\/teams\/56843-dopamine-and-neuronal-assemblies\/\">Equipe 3 &#8211; Dopamine and neuronal assemblies<\/a><\/strong><br>J\u00e9r\u00f4me Baufreton, Fran\u00e7ois Georges<\/p>\n\n\n\n<p><a href=\"https:\/\/imn.u-bordeaux.fr\/fr\/teams\/56850-network-dynamics-for-procedural-learning\/\"><strong>Equipe 4 &#8211; Dynamique des r\u00e9seaux de l&rsquo;apprentissage proc\u00e9dural<\/strong><\/a><br>Arthur Leblois, Nicolas Mallet<\/p>\n\n\n\n<p><strong><a href=\"https:\/\/imn.u-bordeaux.fr\/fr\/teams\/56883-neurofunctional-imaging-group\/\">Equipe 5 &#8211; Groupe d&rsquo;imagerie neurofonctionnelle<\/a><\/strong> <br>Emmanuel Mellet, Michel Thiebaut de Schotten<\/p>\n\n\n\n<p><strong><a href=\"https:\/\/imn.u-bordeaux.fr\/fr\/teams\/56844-neurochemistry-deep-brain-stimulation-and-parkinsons-disease\/\">Equipe 6 &#8211; <strong>Monoamines, Parkinson et douleur<\/strong><\/a><\/strong><br>Abdelhamid Benazzouz, Pascal Fossat<\/p>\n\n\n\n<p><strong><a href=\"https:\/\/imn.u-bordeaux.fr\/fr\/teams\/56839-computational-neuroscience\/\">Equipe 7 &#8211; <strong>Neurosciences computationnelles<\/strong><\/a><\/strong><br>Nicolas Rougier<\/p>\n\n\n\n<p><strong><a href=\"https:\/\/imn.u-bordeaux.fr\/fr\/teams\/118290-neurodtx\/\">Equipe 8 &#8211; <strong>NeuroDTx : Neuromodulation et Th\u00e9rapies Num\u00e9riques<\/strong><\/a><\/strong><br>Am\u00e9lie Aussel, Fabien Wagner<\/p>\n\n\n\n<p><strong><a href=\"https:\/\/imn.u-bordeaux.fr\/fr\/teams\/101423-pathophysiology-of-neuron-oligodendrocyte-interactions\/\">Equipe 9 &#8211; <strong>Pathophysiologie des interactions neurone-oligodendrocyte<\/strong><\/a><\/strong><br>Arne Battefeld<a href=\"https:\/\/imn.u-bordeaux.fr\/en\/research-teams\/\"><\/a><a href=\"https:\/\/imn.u-bordeaux.fr\/en\/research-teams\/\"><\/a><\/p>\n\n\n\n<p><strong><a href=\"https:\/\/imn.u-bordeaux.fr\/fr\/teams\/142172-neuroscience-humanities-society\/\">Equipe 11 &#8211; <strong>Neurosciences, humanit\u00e9s et soci\u00e9t\u00e9<\/strong> (NeHuS)<\/a><\/strong><br>C\u00e9dric Brun<\/p>\n\n\n\n<p><strong><a href=\"https:\/\/imn.u-bordeaux.fr\/fr\/teams\/142179-imn-clinics\/\">Equipe 12 &#8211; IMN clinique<\/a><\/strong><br>Wassilios Meissner<\/p>\n\n\n\n<p><strong><a href=\"https:\/\/imn.u-bordeaux.fr\/fr\/teams\/165153-synteam\/\">Equipe 13 &#8211; Neuropathologie int\u00e9grative des <strong>\u03b1-Synucleinopathies (SynTeam)<\/strong><\/a><\/strong><br>Francesca De Giorgi, Fran\u00e7ois Ichas<a href=\"https:\/\/imn.u-bordeaux.fr\/en\/research-teams\/\"><\/a><\/p>\n\n\n\n<p><strong><a href=\"https:\/\/imn.u-bordeaux.fr\/fr\/teams\/187497-neuroimmunology-lab\/\">Equipe 14 &#8211; NOMAD<\/a><\/strong><br>Agn\u00e8s Nadjar<br><\/p>\n\n\n\n<p><a href=\"https:\/\/imn.u-bordeaux.fr\/fr\/equipe-administrative-et-soutien-a-la-recherche\/\"><strong>Equipe Administrative et Soutien \u00e0 la Recherche<\/strong><\/a><\/p>\n\n\n\n<p><\/p>\n","protected":false},"excerpt":{"rendered":"<p>Equipe 1 &#8211; Physiopathologie des prot\u00e9inopathiesErwan Bezard Equipe 2 &#8211; Signalisation purinergique, inflammation et troubles neurologiquesEric Bou\u00e9-Grabot, Marc Landry Equipe [&hellip;]<\/p>\n","protected":false},"author":2,"featured_media":0,"parent":0,"menu_order":0,"comment_status":"closed","ping_status":"closed","template":"","meta":{"footnotes":""},"class_list":["post-782","page","type-page","status-publish","hentry"],"_links":{"self":[{"href":"https:\/\/imn.u-bordeaux.fr\/fr\/wp-json\/wp\/v2\/pages\/782","targetHints":{"allow":["GET"]}}],"collection":[{"href":"https:\/\/imn.u-bordeaux.fr\/fr\/wp-json\/wp\/v2\/pages"}],"about":[{"href":"https:\/\/imn.u-bordeaux.fr\/fr\/wp-json\/wp\/v2\/types\/page"}],"author":[{"embeddable":true,"href":"https:\/\/imn.u-bordeaux.fr\/fr\/wp-json\/wp\/v2\/users\/2"}],"replies":[{"embeddable":true,"href":"https:\/\/imn.u-bordeaux.fr\/fr\/wp-json\/wp\/v2\/comments?post=782"}],"version-history":[{"count":19,"href":"https:\/\/imn.u-bordeaux.fr\/fr\/wp-json\/wp\/v2\/pages\/782\/revisions"}],"predecessor-version":[{"id":1299,"href":"https:\/\/imn.u-bordeaux.fr\/fr\/wp-json\/wp\/v2\/pages\/782\/revisions\/1299"}],"wp:attachment":[{"href":"https:\/\/imn.u-bordeaux.fr\/fr\/wp-json\/wp\/v2\/media?parent=782"}],"curies":[{"name":"wp","href":"https:\/\/api.w.org\/{rel}","templated":true}]}}