{"id":115,"date":"2024-12-27T12:49:15","date_gmt":"2024-12-27T11:49:15","guid":{"rendered":"https:\/\/imn-prod.onlinecreation.pro\/quest-ce-que-linstitut\/"},"modified":"2025-09-15T15:48:01","modified_gmt":"2025-09-15T13:48:01","slug":"quest-ce-que-linstitut","status":"publish","type":"page","link":"https:\/\/imn.u-bordeaux.fr\/fr\/quest-ce-que-linstitut\/","title":{"rendered":"Pr\u00e9sentation \/ Mot des directeurs"},"content":{"rendered":"\n<figure class=\"wp-block-gallery has-nested-images columns-default is-cropped wp-block-gallery-1 is-layout-flex wp-block-gallery-is-layout-flex\">\n<figure class=\"wp-block-image size-large\"><img loading=\"lazy\" decoding=\"async\" width=\"1024\" height=\"989\" data-id=\"463\" src=\"https:\/\/imn-prod.onlinecreation.pro\/wp-content\/uploads\/sites\/26\/2025\/02\/IMNEN02-imn-neurodeneratives-diseases-treatments-bordeaux-e1436188365433-1024x989.jpg\" alt=\"\" class=\"wp-image-463\" srcset=\"https:\/\/imn.u-bordeaux.fr\/wp-content\/uploads\/sites\/26\/2025\/02\/IMNEN02-imn-neurodeneratives-diseases-treatments-bordeaux-e1436188365433-1024x989.jpg 1024w, https:\/\/imn.u-bordeaux.fr\/wp-content\/uploads\/sites\/26\/2025\/02\/IMNEN02-imn-neurodeneratives-diseases-treatments-bordeaux-e1436188365433-300x290.jpg 300w, https:\/\/imn.u-bordeaux.fr\/wp-content\/uploads\/sites\/26\/2025\/02\/IMNEN02-imn-neurodeneratives-diseases-treatments-bordeaux-e1436188365433-768x742.jpg 768w, https:\/\/imn.u-bordeaux.fr\/wp-content\/uploads\/sites\/26\/2025\/02\/IMNEN02-imn-neurodeneratives-diseases-treatments-bordeaux-e1436188365433.jpg 1035w\" sizes=\"auto, (max-width: 1024px) 100vw, 1024px\" \/><\/figure>\n\n\n\n<figure class=\"wp-block-image size-large\"><img loading=\"lazy\" decoding=\"async\" width=\"1024\" height=\"991\" data-id=\"466\" src=\"https:\/\/imn-prod.onlinecreation.pro\/wp-content\/uploads\/sites\/26\/2025\/02\/IMNEN03-imn-neurodeneratives-diseases-diagnosis-bordeaux-e1436188578596-1024x991.jpg\" alt=\"\" class=\"wp-image-466\" srcset=\"https:\/\/imn.u-bordeaux.fr\/wp-content\/uploads\/sites\/26\/2025\/02\/IMNEN03-imn-neurodeneratives-diseases-diagnosis-bordeaux-e1436188578596-1024x991.jpg 1024w, https:\/\/imn.u-bordeaux.fr\/wp-content\/uploads\/sites\/26\/2025\/02\/IMNEN03-imn-neurodeneratives-diseases-diagnosis-bordeaux-e1436188578596-300x290.jpg 300w, https:\/\/imn.u-bordeaux.fr\/wp-content\/uploads\/sites\/26\/2025\/02\/IMNEN03-imn-neurodeneratives-diseases-diagnosis-bordeaux-e1436188578596-768x744.jpg 768w, https:\/\/imn.u-bordeaux.fr\/wp-content\/uploads\/sites\/26\/2025\/02\/IMNEN03-imn-neurodeneratives-diseases-diagnosis-bordeaux-e1436188578596.jpg 1035w\" sizes=\"auto, (max-width: 1024px) 100vw, 1024px\" \/><\/figure>\n\n\n\n<figure class=\"wp-block-image size-large\"><img loading=\"lazy\" decoding=\"async\" width=\"1024\" height=\"990\" data-id=\"462\" src=\"https:\/\/imn-prod.onlinecreation.pro\/wp-content\/uploads\/sites\/26\/2025\/02\/IMNEN04-imn-neurodeneratives-diseases-studies-bordeaux-e1436188722106-1024x990.jpg\" alt=\"\" class=\"wp-image-462\" srcset=\"https:\/\/imn.u-bordeaux.fr\/wp-content\/uploads\/sites\/26\/2025\/02\/IMNEN04-imn-neurodeneratives-diseases-studies-bordeaux-e1436188722106-1024x990.jpg 1024w, https:\/\/imn.u-bordeaux.fr\/wp-content\/uploads\/sites\/26\/2025\/02\/IMNEN04-imn-neurodeneratives-diseases-studies-bordeaux-e1436188722106-300x290.jpg 300w, https:\/\/imn.u-bordeaux.fr\/wp-content\/uploads\/sites\/26\/2025\/02\/IMNEN04-imn-neurodeneratives-diseases-studies-bordeaux-e1436188722106-768x743.jpg 768w, https:\/\/imn.u-bordeaux.fr\/wp-content\/uploads\/sites\/26\/2025\/02\/IMNEN04-imn-neurodeneratives-diseases-studies-bordeaux-e1436188722106.jpg 1037w\" sizes=\"auto, (max-width: 1024px) 100vw, 1024px\" \/><\/figure>\n<\/figure>\n\n\n\n<p>L\u2019<strong>Institut des Maladies Neurod\u00e9g\u00e9n\u00e9ratives<\/strong> (IMN) est une Unit\u00e9 Mixte de Recherche (UMR 5293) associant l\u2019Universit\u00e9 de Bordeaux et le CNRS. Il a vu le jour en Janvier 2011. Longtemps dispers\u00e9 g\u00e9ographiquement, il s\u2019est regroup\u00e9 au Centre Broca Nouvelle-Aquitaine en 2017. Sa cr\u00e9ation a repr\u00e9sent\u00e9 une avanc\u00e9e majeure dans la structuration de la recherche en neurosciences \u00e0 Bordeaux et il est maintenant l\u2019un des 6 \u00e9l\u00e9ments constitutif du <a href=\"https:\/\/www.bordeaux-neurocampus.fr\/\">Bordeaux Neurocampus<\/a>, le d\u00e9partement des Neurosciences de l\u2019Universit\u00e9 de Bordeaux. Il est d\u00e9sormais constitu\u00e9 de 12 \u00e9quipes de recherches fondamentale et pr\u00e9clinique et d\u2019une <a href=\"\/fr\/teams\">\u00e9quipe de Recherche<\/a> clinique adoss\u00e9e au CHU de Bordeaux.<\/p>\n\n\n\n<p>L\u2019IMN associe recherche fondamentale, pr\u00e9clinique et clinique dans le but de :<\/p>\n\n\n\n<ul class=\"wp-block-list\">\n<li>D\u00e9velopper de nouvelles approches th\u00e9rapeutiques des maladies neurod\u00e9g\u00e9n\u00e9ratives en facilitant la recherche translationnelle du laboratoire au lit du patient.<\/li>\n\n\n\n<li>D\u2019accro\u00eetre sa visibilit\u00e9 et son attractivit\u00e9 dans le champ des neurosciences translationnelles (Maladie de Parkinson et syndromes parkinsoniens atypiques, maladie d\u2019Alzheimer, troubles obsessionnels compulsifs, etc.) et fondamentales (planification, cognition, contr\u00f4le moteur, substrats mol\u00e9culaires de la transmission synaptique) en s\u2019appuyant sur le potentiel de ses \u00e9quipes et la dynamique mise en place depuis sa cr\u00e9ation.<\/li>\n<\/ul>\n\n\n\n<p>Directeur de l\u2019IMN : Thomas BORAUD<\/p>\n\n\n\n<p>Directeurs adjoints :Eric BOU\u00c9-GRABOT &amp; Wassilios MEISSNER<\/p>\n\n\n\n<figure class=\"wp-block-gallery has-nested-images columns-default is-cropped wp-block-gallery-2 is-layout-flex wp-block-gallery-is-layout-flex\">\n<figure class=\"wp-block-image size-large\"><img loading=\"lazy\" decoding=\"async\" width=\"1024\" height=\"989\" data-id=\"460\" src=\"https:\/\/imn-prod.onlinecreation.pro\/wp-content\/uploads\/sites\/26\/2025\/02\/IMNEN05-imn-neurodeneratives-diseases-translational-approach-e1436188780481-1024x989.jpg\" alt=\"\" class=\"wp-image-460\" srcset=\"https:\/\/imn.u-bordeaux.fr\/wp-content\/uploads\/sites\/26\/2025\/02\/IMNEN05-imn-neurodeneratives-diseases-translational-approach-e1436188780481-1024x989.jpg 1024w, https:\/\/imn.u-bordeaux.fr\/wp-content\/uploads\/sites\/26\/2025\/02\/IMNEN05-imn-neurodeneratives-diseases-translational-approach-e1436188780481-300x290.jpg 300w, https:\/\/imn.u-bordeaux.fr\/wp-content\/uploads\/sites\/26\/2025\/02\/IMNEN05-imn-neurodeneratives-diseases-translational-approach-e1436188780481-768x742.jpg 768w, https:\/\/imn.u-bordeaux.fr\/wp-content\/uploads\/sites\/26\/2025\/02\/IMNEN05-imn-neurodeneratives-diseases-translational-approach-e1436188780481.jpg 1035w\" sizes=\"auto, (max-width: 1024px) 100vw, 1024px\" \/><\/figure>\n\n\n\n<figure class=\"wp-block-image size-large\"><img loading=\"lazy\" decoding=\"async\" width=\"1024\" height=\"990\" data-id=\"458\" src=\"https:\/\/imn-prod.onlinecreation.pro\/wp-content\/uploads\/sites\/26\/2025\/02\/IMNEN06-imn-neurodeneratives-diseases-vertical-approach-e1436188816316-1024x990.jpg\" alt=\"\" class=\"wp-image-458\" srcset=\"https:\/\/imn.u-bordeaux.fr\/wp-content\/uploads\/sites\/26\/2025\/02\/IMNEN06-imn-neurodeneratives-diseases-vertical-approach-e1436188816316-1024x990.jpg 1024w, https:\/\/imn.u-bordeaux.fr\/wp-content\/uploads\/sites\/26\/2025\/02\/IMNEN06-imn-neurodeneratives-diseases-vertical-approach-e1436188816316-300x290.jpg 300w, https:\/\/imn.u-bordeaux.fr\/wp-content\/uploads\/sites\/26\/2025\/02\/IMNEN06-imn-neurodeneratives-diseases-vertical-approach-e1436188816316-768x743.jpg 768w, https:\/\/imn.u-bordeaux.fr\/wp-content\/uploads\/sites\/26\/2025\/02\/IMNEN06-imn-neurodeneratives-diseases-vertical-approach-e1436188816316.jpg 1037w\" sizes=\"auto, (max-width: 1024px) 100vw, 1024px\" \/><\/figure>\n\n\n\n<figure class=\"wp-block-image size-large\"><img loading=\"lazy\" decoding=\"async\" width=\"1024\" height=\"987\" data-id=\"456\" src=\"https:\/\/imn-prod.onlinecreation.pro\/wp-content\/uploads\/sites\/26\/2025\/02\/IMNEN07-imn-neurodeneratives-diseases-students-bordeaux-e1436188873676-1024x987.jpg\" alt=\"\" class=\"wp-image-456\" srcset=\"https:\/\/imn.u-bordeaux.fr\/wp-content\/uploads\/sites\/26\/2025\/02\/IMNEN07-imn-neurodeneratives-diseases-students-bordeaux-e1436188873676-1024x987.jpg 1024w, https:\/\/imn.u-bordeaux.fr\/wp-content\/uploads\/sites\/26\/2025\/02\/IMNEN07-imn-neurodeneratives-diseases-students-bordeaux-e1436188873676-300x289.jpg 300w, https:\/\/imn.u-bordeaux.fr\/wp-content\/uploads\/sites\/26\/2025\/02\/IMNEN07-imn-neurodeneratives-diseases-students-bordeaux-e1436188873676-768x741.jpg 768w, https:\/\/imn.u-bordeaux.fr\/wp-content\/uploads\/sites\/26\/2025\/02\/IMNEN07-imn-neurodeneratives-diseases-students-bordeaux-e1436188873676.jpg 1037w\" sizes=\"auto, (max-width: 1024px) 100vw, 1024px\" \/><\/figure>\n\n\n\n<figure class=\"wp-block-image size-full\"><img loading=\"lazy\" decoding=\"async\" width=\"725\" height=\"671\" data-id=\"1118\" src=\"https:\/\/imn.u-bordeaux.fr\/wp-content\/uploads\/sites\/26\/2025\/09\/Presentation-2.jpg\" alt=\"\" class=\"wp-image-1118\" srcset=\"https:\/\/imn.u-bordeaux.fr\/wp-content\/uploads\/sites\/26\/2025\/09\/Presentation-2.jpg 725w, https:\/\/imn.u-bordeaux.fr\/wp-content\/uploads\/sites\/26\/2025\/09\/Presentation-2-300x278.jpg 300w\" sizes=\"auto, (max-width: 725px) 100vw, 725px\" \/><\/figure>\n\n\n\n<figure class=\"wp-block-image size-large\"><img loading=\"lazy\" decoding=\"async\" width=\"1024\" height=\"989\" data-id=\"452\" src=\"https:\/\/imn-prod.onlinecreation.pro\/wp-content\/uploads\/sites\/26\/2025\/02\/IMNEN09-imn-neurodeneratives-diseases-collaborations-bordeaux-e1436188983936-1024x989.jpg\" alt=\"\" class=\"wp-image-452\" srcset=\"https:\/\/imn.u-bordeaux.fr\/wp-content\/uploads\/sites\/26\/2025\/02\/IMNEN09-imn-neurodeneratives-diseases-collaborations-bordeaux-e1436188983936-1024x989.jpg 1024w, https:\/\/imn.u-bordeaux.fr\/wp-content\/uploads\/sites\/26\/2025\/02\/IMNEN09-imn-neurodeneratives-diseases-collaborations-bordeaux-e1436188983936-300x290.jpg 300w, https:\/\/imn.u-bordeaux.fr\/wp-content\/uploads\/sites\/26\/2025\/02\/IMNEN09-imn-neurodeneratives-diseases-collaborations-bordeaux-e1436188983936-768x742.jpg 768w, https:\/\/imn.u-bordeaux.fr\/wp-content\/uploads\/sites\/26\/2025\/02\/IMNEN09-imn-neurodeneratives-diseases-collaborations-bordeaux-e1436188983936.jpg 1037w\" sizes=\"auto, (max-width: 1024px) 100vw, 1024px\" \/><\/figure>\n<\/figure>\n","protected":false},"excerpt":{"rendered":"<p>L\u2019Institut des Maladies Neurod\u00e9g\u00e9n\u00e9ratives (IMN) est une Unit\u00e9 Mixte de Recherche (UMR 5293) associant l\u2019Universit\u00e9 de Bordeaux et le CNRS. [&hellip;]<\/p>\n","protected":false},"author":1,"featured_media":0,"parent":0,"menu_order":1,"comment_status":"closed","ping_status":"closed","template":"","meta":{"footnotes":""},"class_list":["post-115","page","type-page","status-publish","hentry"],"_links":{"self":[{"href":"https:\/\/imn.u-bordeaux.fr\/fr\/wp-json\/wp\/v2\/pages\/115","targetHints":{"allow":["GET"]}}],"collection":[{"href":"https:\/\/imn.u-bordeaux.fr\/fr\/wp-json\/wp\/v2\/pages"}],"about":[{"href":"https:\/\/imn.u-bordeaux.fr\/fr\/wp-json\/wp\/v2\/types\/page"}],"author":[{"embeddable":true,"href":"https:\/\/imn.u-bordeaux.fr\/fr\/wp-json\/wp\/v2\/users\/1"}],"replies":[{"embeddable":true,"href":"https:\/\/imn.u-bordeaux.fr\/fr\/wp-json\/wp\/v2\/comments?post=115"}],"version-history":[{"count":9,"href":"https:\/\/imn.u-bordeaux.fr\/fr\/wp-json\/wp\/v2\/pages\/115\/revisions"}],"predecessor-version":[{"id":1120,"href":"https:\/\/imn.u-bordeaux.fr\/fr\/wp-json\/wp\/v2\/pages\/115\/revisions\/1120"}],"wp:attachment":[{"href":"https:\/\/imn.u-bordeaux.fr\/fr\/wp-json\/wp\/v2\/media?parent=115"}],"curies":[{"name":"wp","href":"https:\/\/api.w.org\/{rel}","templated":true}]}}