{"id":114,"date":"2024-12-27T15:47:59","date_gmt":"2024-12-27T14:47:59","guid":{"rendered":"https:\/\/imn-prod.onlinecreation.pro\/recherche-clinique\/"},"modified":"2025-06-25T15:58:35","modified_gmt":"2025-06-25T13:58:35","slug":"recherche-clinique","status":"publish","type":"page","link":"https:\/\/imn.u-bordeaux.fr\/fr\/quest-ce-que-linstitut\/recherche-clinique\/","title":{"rendered":"Recherche clinique"},"content":{"rendered":"\n<p>L\u2019Institut des Maladies Neurod\u00e9g\u00e9n\u00e9ratives (IMN) r\u00e9unit les forces vives de recherche clinique (IMNc), pr\u00e9clinique et fondamentale dans le domaine des&nbsp;maladies neurod\u00e9g\u00e9n\u00e9ratives. Depuis avril 2014, toute activit\u00e9 ambulatoire&nbsp;(dont le Centre Expert Parkinson du Grand Sud-Ouest et le Centre M\u00e9moire de Recherche et de Ressources, CMRR) et de recherche clinique (acad\u00e9mique et&nbsp;industrielle) dans le domaine des maladies neurod\u00e9g\u00e9n\u00e9ratives est r\u00e9alis\u00e9e&nbsp;au sein de l\u2019IMNc.<\/p>\n\n\n\n<p>L\u2019IMNc est d\u00e9di\u00e9 \u00e0 la recherche acad\u00e9mique et industrielle chez des patients ambulatoires. Le projet repose sur la volont\u00e9 de faire cohabiter les consultations ambulatoires dans les domaines de la maladie d\u2019Alzheimer, de la maladie de Parkinson et des troubles du mouvement avec la recherche clinique. La clef du succ\u00e8s d\u2019une telle structure est que les patients viennent sur les conseils de leur m\u00e9decin pour participer \u00e0 la recherche \u00e0 l\u2019IMNc. Cette organisation tend \u00e0 optimiser le passage du soin \u00e0 la recherche clinique, ce qui permettra&nbsp;:<\/p>\n\n\n\n<ul class=\"wp-block-list\">\n<li>De potentialiser l\u2019existant en termes de recherche acad\u00e9mique comme industrielle,<\/li>\n\n\n\n<li>D\u2019accro\u00eetre les capacit\u00e9s de promotion, de potentiel d\u2019inclusion et de prise de \u00ab\u00a0leadership\u00a0\u00bb dans les essais multicentriques,<\/li>\n\n\n\n<li>De mutualiser l\u2019espace, les personnels et les \u00e9quipements d\u2019exploration fonctionnelle et biologique au plus proche du patient,<\/li>\n\n\n\n<li>De cr\u00e9er un \u00ab\u00a0incubateur\u00a0\u00bb en environnement optimis\u00e9 pour le d\u00e9veloppement d\u2019innovations bas\u00e9es sur le transfert des connaissances fondamentales,<\/li>\n\n\n\n<li>De d\u00e9velopper des projets de recherche clinique communs aux axes cognition (Maladie d\u2019Alzheimer et apparent\u00e9es) et motricit\u00e9 (Maladie de Parkinson et apparent\u00e9es),<\/li>\n\n\n\n<li>De favoriser et amplifier la recherche en neuro-imagerie et plus particuli\u00e8rement dans le domaine de la cognition et de la maladie d\u2019Alzheimer.<\/li>\n<\/ul>\n\n\n\n<p>Retrouvez le site web de l\u2019IMN clinique ci-contre : <a href=\"https:\/\/www.imnc-bordeaux.org\">https:\/\/www.imnc-bordeaux.org<\/a><\/p>\n","protected":false},"excerpt":{"rendered":"<p>L\u2019Institut des Maladies Neurod\u00e9g\u00e9n\u00e9ratives (IMN) r\u00e9unit les forces vives de recherche clinique (IMNc), pr\u00e9clinique et fondamentale dans le domaine des&nbsp;maladies [&hellip;]<\/p>\n","protected":false},"author":1,"featured_media":0,"parent":115,"menu_order":0,"comment_status":"closed","ping_status":"closed","template":"","meta":{"footnotes":""},"class_list":["post-114","page","type-page","status-publish","hentry"],"_links":{"self":[{"href":"https:\/\/imn.u-bordeaux.fr\/fr\/wp-json\/wp\/v2\/pages\/114","targetHints":{"allow":["GET"]}}],"collection":[{"href":"https:\/\/imn.u-bordeaux.fr\/fr\/wp-json\/wp\/v2\/pages"}],"about":[{"href":"https:\/\/imn.u-bordeaux.fr\/fr\/wp-json\/wp\/v2\/types\/page"}],"author":[{"embeddable":true,"href":"https:\/\/imn.u-bordeaux.fr\/fr\/wp-json\/wp\/v2\/users\/1"}],"replies":[{"embeddable":true,"href":"https:\/\/imn.u-bordeaux.fr\/fr\/wp-json\/wp\/v2\/comments?post=114"}],"version-history":[{"count":2,"href":"https:\/\/imn.u-bordeaux.fr\/fr\/wp-json\/wp\/v2\/pages\/114\/revisions"}],"predecessor-version":[{"id":894,"href":"https:\/\/imn.u-bordeaux.fr\/fr\/wp-json\/wp\/v2\/pages\/114\/revisions\/894"}],"up":[{"embeddable":true,"href":"https:\/\/imn.u-bordeaux.fr\/fr\/wp-json\/wp\/v2\/pages\/115"}],"wp:attachment":[{"href":"https:\/\/imn.u-bordeaux.fr\/fr\/wp-json\/wp\/v2\/media?parent=114"}],"curies":[{"name":"wp","href":"https:\/\/api.w.org\/{rel}","templated":true}]}}