{"id":105,"date":"2024-12-27T12:49:15","date_gmt":"2024-12-27T11:49:15","guid":{"rendered":"https:\/\/imn-prod.onlinecreation.pro\/accueil\/"},"modified":"2026-03-10T10:15:22","modified_gmt":"2026-03-10T09:15:22","slug":"accueil","status":"publish","type":"page","link":"https:\/\/imn.u-bordeaux.fr\/fr\/","title":{"rendered":"Accueil"},"content":{"rendered":"<div class=\"n2_clear\"><ss3-force-full-width data-overflow-x=\"body\" data-horizontal-selector=\"body\"><div class=\"n2-section-smartslider fitvidsignore  n2_clear\" data-ssid=\"2\"><div id=\"n2-ss-2-align\" class=\"n2-ss-align\"><div class=\"n2-padding\"><div id=\"n2-ss-2\" data-creator=\"Smart Slider 3\" data-responsive=\"fullwidth\" class=\"n2-ss-slider n2-ow n2-has-hover n2notransition  \"><div class=\"n2-ss-slider-wrapper-inside\">\n        <div class=\"n2-ss-slider-1 n2_ss__touch_element n2-ow\">\n            <div class=\"n2-ss-slider-2 n2-ow\">\n                                                <div class=\"n2-ss-slider-3 n2-ow\">\n\n                    <div class=\"n2-ss-slide-backgrounds n2-ow-all\"><div class=\"n2-ss-slide-background\" data-public-id=\"1\" data-mode=\"fill\"><div class=\"n2-ss-slide-background-image\" data-blur=\"0\" data-opacity=\"100\" data-x=\"50\" data-y=\"50\" data-alt=\"\" data-title=\"\"><picture class=\"skip-lazy\" data-skip-lazy=\"1\"><img decoding=\"async\" src=\"\/\/imn.u-bordeaux.fr\/wp-content\/uploads\/sites\/26\/2025\/04\/remi_kinet-bandeau-2x.jpg\" alt=\"\" title=\"\" loading=\"lazy\" class=\"skip-lazy\" data-skip-lazy=\"1\"><\/picture><\/div><div data-color=\"RGBA(255,255,255,0)\" style=\"background-color: RGBA(255,255,255,0);\" class=\"n2-ss-slide-background-color\"><\/div><\/div><div class=\"n2-ss-slide-background\" data-public-id=\"2\" data-mode=\"fill\" aria-hidden=\"true\"><div class=\"n2-ss-slide-background-image\" data-blur=\"0\" data-opacity=\"100\" data-x=\"50\" data-y=\"50\" data-alt=\"\" data-title=\"\"><picture class=\"skip-lazy\" data-skip-lazy=\"1\"><img decoding=\"async\" src=\"https:\/\/cdn-buni.onlc.eu\/wp-content\/uploads\/sites\/26\/2026\/01\/2DDBA8F7-EBD2-48D3-BD66-B11F52E3FF72-Emma-scaled.jpeg\" alt=\"\" title=\"\" loading=\"lazy\" class=\"skip-lazy\" data-skip-lazy=\"1\"><\/picture><\/div><div data-color=\"RGBA(255,255,255,0)\" style=\"background-color: RGBA(255,255,255,0);\" class=\"n2-ss-slide-background-color\"><\/div><\/div><div class=\"n2-ss-slide-background\" data-public-id=\"3\" data-mode=\"fill\" aria-hidden=\"true\"><div class=\"n2-ss-slide-background-image\" data-blur=\"0\" data-opacity=\"100\" data-x=\"50\" data-y=\"50\" data-alt=\"\" data-title=\"\"><picture class=\"skip-lazy\" data-skip-lazy=\"1\"><img decoding=\"async\" src=\"\/\/imn.u-bordeaux.fr\/wp-content\/uploads\/sites\/26\/2025\/04\/bandeau-imn-dhelemmes-teillon.jpg\" alt=\"\" title=\"\" loading=\"lazy\" class=\"skip-lazy\" data-skip-lazy=\"1\"><\/picture><\/div><div data-color=\"RGBA(255,255,255,0)\" style=\"background-color: RGBA(255,255,255,0);\" class=\"n2-ss-slide-background-color\"><\/div><\/div><div class=\"n2-ss-slide-background\" data-public-id=\"4\" data-mode=\"fill\" aria-hidden=\"true\"><div class=\"n2-ss-slide-background-image\" data-blur=\"0\" data-opacity=\"100\" data-x=\"50\" data-y=\"50\" data-alt=\"\" data-title=\"\"><picture class=\"skip-lazy\" data-skip-lazy=\"1\"><img decoding=\"async\" src=\"\/\/imn.u-bordeaux.fr\/wp-content\/uploads\/sites\/26\/2025\/04\/bandeau-imn-Figure6-credit-thiebaut-de-schotten.jpg\" alt=\"\" title=\"\" loading=\"lazy\" class=\"skip-lazy\" data-skip-lazy=\"1\"><\/picture><\/div><div data-color=\"RGBA(255,255,255,0)\" style=\"background-color: RGBA(255,255,255,0);\" class=\"n2-ss-slide-background-color\"><\/div><\/div><\/div>                    <div class=\"n2-ss-slider-4 n2-ow\">\n                        <svg xmlns=\"http:\/\/www.w3.org\/2000\/svg\" viewBox=\"0 0 1920 480\" data-related-device=\"desktopPortrait\" class=\"n2-ow n2-ss-preserve-size n2-ss-preserve-size--slider n2-ss-slide-limiter\"><\/svg><div data-first=\"1\" data-slide-duration=\"0\" data-id=\"11\" data-slide-public-id=\"1\" data-title=\"remi_kinet bandeau-2x\" class=\"n2-ss-slide n2-ow  n2-ss-slide-11\"><div role=\"note\" class=\"n2-ss-slide--focus\" tabindex=\"-1\">remi_kinet bandeau-2x<\/div><div class=\"n2-ss-layers-container n2-ss-slide-limiter n2-ow\"><div class=\"n2-ss-layer n2-ow n-uc-xJRqgO2OwUsu\" data-sstype=\"slide\" data-pm=\"default\"><\/div><\/div><\/div><div data-slide-duration=\"0\" data-id=\"17\" data-slide-public-id=\"2\" aria-hidden=\"true\" data-title=\"2DDBA8F7-EBD2-48D3-BD66-B11F52E3FF72 Emma\" class=\"n2-ss-slide n2-ow  n2-ss-slide-17\"><div role=\"note\" class=\"n2-ss-slide--focus\" tabindex=\"-1\">2DDBA8F7-EBD2-48D3-BD66-B11F52E3FF72 Emma<\/div><div class=\"n2-ss-layers-container n2-ss-slide-limiter n2-ow\"><div class=\"n2-ss-layer n2-ow n-uc-TfGXZMeV4QsY\" data-sstype=\"slide\" data-pm=\"default\"><\/div><\/div><\/div><div data-slide-duration=\"0\" data-id=\"5\" data-slide-public-id=\"3\" aria-hidden=\"true\" data-title=\"bandeau-imn-dhelemmes-teillon\" class=\"n2-ss-slide n2-ow  n2-ss-slide-5\"><div role=\"note\" class=\"n2-ss-slide--focus\" tabindex=\"-1\">bandeau-imn-dhelemmes-teillon<\/div><div class=\"n2-ss-layers-container n2-ss-slide-limiter n2-ow\"><div class=\"n2-ss-layer n2-ow n-uc-RvDWT4hkXjO9\" data-sstype=\"slide\" data-pm=\"default\"><\/div><\/div><\/div><div data-slide-duration=\"0\" data-id=\"6\" data-slide-public-id=\"4\" aria-hidden=\"true\" data-title=\"bandeau-imn-Figure6-credit-thiebaut-de-schotten\" class=\"n2-ss-slide n2-ow  n2-ss-slide-6\"><div role=\"note\" class=\"n2-ss-slide--focus\" tabindex=\"-1\">bandeau-imn-Figure6-credit-thiebaut-de-schotten<\/div><div class=\"n2-ss-layers-container n2-ss-slide-limiter n2-ow\"><div class=\"n2-ss-layer n2-ow n-uc-COgUonUzGhPG\" data-sstype=\"slide\" data-pm=\"default\"><\/div><\/div><\/div>                    <\/div>\n\n                                    <\/div>\n            <\/div>\n        <\/div>\n        <div class=\"n2-ss-slider-controls n2-ss-slider-controls-absolute-left-center\"><div style=\"--widget-offset:15px;\" class=\"n2-ss-widget nextend-arrow n2-ow-all nextend-arrow-previous  nextend-arrow-animated-fade\" data-hide-mobileportrait=\"1\" id=\"n2-ss-2-arrow-previous\" role=\"button\" aria-label=\"previous arrow\" tabindex=\"0\"><img loading=\"lazy\" decoding=\"async\" width=\"32\" height=\"32\" class=\"skip-lazy\" data-skip-lazy=\"1\" src=\"data:image\/svg+xml;base64,PHN2ZyB3aWR0aD0iMzIiIGhlaWdodD0iMzIiIHZpZXdCb3g9IjAgMCAzMiAzMiIgeG1sbnM9Imh0dHA6Ly93d3cudzMub3JnLzIwMDAvc3ZnIj4KICAgIDxwYXRoIGQ9Ik0xMS40MzMgMTUuOTkyTDIyLjY5IDUuNzEyYy4zOTMtLjM5LjM5My0xLjAzIDAtMS40Mi0uMzkzLS4zOS0xLjAzLS4zOS0xLjQyMyAwbC0xMS45OCAxMC45NGMtLjIxLjIxLS4zLjQ5LS4yODUuNzYtLjAxNS4yOC4wNzUuNTYuMjg0Ljc3bDExLjk4IDEwLjk0Yy4zOTMuMzkgMS4wMy4zOSAxLjQyNCAwIC4zOTMtLjQuMzkzLTEuMDMgMC0xLjQybC0xMS4yNTctMTAuMjkiCiAgICAgICAgICBmaWxsPSIjZmZmZmZmIiBvcGFjaXR5PSIwLjgiIGZpbGwtcnVsZT0iZXZlbm9kZCIvPgo8L3N2Zz4=\" alt=\"previous arrow\"><\/div><\/div><div class=\"n2-ss-slider-controls n2-ss-slider-controls-absolute-right-center\"><div style=\"--widget-offset:15px;\" class=\"n2-ss-widget nextend-arrow n2-ow-all nextend-arrow-next  nextend-arrow-animated-fade\" data-hide-mobileportrait=\"1\" id=\"n2-ss-2-arrow-next\" role=\"button\" aria-label=\"next arrow\" tabindex=\"0\"><img loading=\"lazy\" decoding=\"async\" width=\"32\" height=\"32\" class=\"skip-lazy\" data-skip-lazy=\"1\" src=\"data:image\/svg+xml;base64,PHN2ZyB3aWR0aD0iMzIiIGhlaWdodD0iMzIiIHZpZXdCb3g9IjAgMCAzMiAzMiIgeG1sbnM9Imh0dHA6Ly93d3cudzMub3JnLzIwMDAvc3ZnIj4KICAgIDxwYXRoIGQ9Ik0xMC43MjIgNC4yOTNjLS4zOTQtLjM5LTEuMDMyLS4zOS0xLjQyNyAwLS4zOTMuMzktLjM5MyAxLjAzIDAgMS40MmwxMS4yODMgMTAuMjgtMTEuMjgzIDEwLjI5Yy0uMzkzLjM5LS4zOTMgMS4wMiAwIDEuNDIuMzk1LjM5IDEuMDMzLjM5IDEuNDI3IDBsMTIuMDA3LTEwLjk0Yy4yMS0uMjEuMy0uNDkuMjg0LS43Ny4wMTQtLjI3LS4wNzYtLjU1LS4yODYtLjc2TDEwLjcyIDQuMjkzeiIKICAgICAgICAgIGZpbGw9IiNmZmZmZmYiIG9wYWNpdHk9IjAuOCIgZmlsbC1ydWxlPSJldmVub2RkIi8+Cjwvc3ZnPg==\" alt=\"next arrow\"><\/div><\/div><\/div><\/div><ss3-loader><\/ss3-loader><\/div><\/div><div class=\"n2_clear\"><\/div><\/div><\/ss3-force-full-width><\/div>\n\n\n<div style=\"height:60px\" aria-hidden=\"true\" class=\"wp-block-spacer\"><\/div>\n\n\n\n<div class=\"wp-block-group soft-separator\"><div class=\"wp-block-group__inner-container is-layout-constrained wp-block-group-is-layout-constrained\">\n<div class=\"wp-block-group container-xxl\"><div class=\"wp-block-group__inner-container is-layout-constrained wp-block-group-is-layout-constrained\">\n<div class=\"wp-block-columns is-layout-flex wp-container-core-columns-is-layout-1 wp-block-columns-is-layout-flex\">\n<div class=\"wp-block-column px-3 is-layout-flow wp-block-column-is-layout-flow\" style=\"flex-basis:100%\">\n<h3 class=\"wp-block-heading text-primary\">Notre projet<\/h3>\n\n\n\n<p>L&rsquo;Institut des Maladies Neurod\u00e9g\u00e9n\u00e9ratives (IMN) a \u00e9t\u00e9 cr\u00e9\u00e9 le 1er janvier 2011. Il est le fruit de la fusion de plusieurs \u00e9quipes, principalement issues de deux anciennes unit\u00e9s du CNRS. Le laboratoire emploie 180 personnes. L&rsquo;IMN comprend des \u00e9quipes de recherche fondamentale bas\u00e9es au centre Broca Nouvelle Aquitaine, et un p\u00f4le clinique \u00e0 l&rsquo;IBIO, directement reli\u00e9 au CHU Pellegrin.<\/p>\n\n\n\n<p>La recherche \u00e0 l&rsquo;IMN se concentre sur les maladies neurod\u00e9g\u00e9n\u00e9ratives et la physiologie du comportement. L&rsquo;IMN rassemble \u00e0 la fois des chercheurs pr\u00e9cliniques (travaillant sur des mod\u00e8les exp\u00e9rimentaux) et des cliniciens, dans le but pr\u00e9cis de d\u00e9velopper de nouvelles approches th\u00e9rapeutiques pour les troubles neurod\u00e9g\u00e9n\u00e9ratifs. Le fait qu&rsquo;il soit compos\u00e9 de deux entit\u00e9s distinctes avec une approche clinique int\u00e9gr\u00e9e le rend unique en France.<\/p>\n\n\n\n<p>Les travaux des chercheurs de l&rsquo;IMN ouvrent la voie \u00e0 une m\u00e9decine innovante, notamment dans les domaines de la maladie de Parkinson, des processus de m\u00e9morisation, de la maladie d&rsquo;Alzheimer et de l&rsquo;imagerie fonctionnelle.<\/p>\n<\/div>\n\n\n\n<div class=\"wp-block-column px-3 is-layout-flow wp-block-column-is-layout-flow\" style=\"flex-basis:100%\">\n<h3 class=\"wp-block-heading text-primary\">Actualit\u00e9s<\/h3>\n\n\n<div class=\"buni-news\"><div class=\"row mb-3\"><div class=\"col-12 pe-0\"><a href=\"https:\/\/imn.u-bordeaux.fr\/fr\/2026\/04\/27\/maladie-dalzheimer-pourquoi-il-ne-faut-pas-abandonner-le-clinico-pathologique\/\"><div class=\"ratio ratio-3x2 news-img\"><img decoding=\"async\" src=\"https:\/\/imn.u-bordeaux.fr\/wp-content\/plugins\/buni-news\/empty.svg\" class=\"img-fluid\" alt=\"\"><\/div><a href=\"https:\/\/imn.u-bordeaux.fr\/fr\/category\/interview-fr\/\" class=\"text-primary\">Interview<\/a><br><a href=\"https:\/\/imn.u-bordeaux.fr\/fr\/2026\/04\/27\/maladie-dalzheimer-pourquoi-il-ne-faut-pas-abandonner-le-clinico-pathologique\/\" class=\"text-body\"><strong>Maladie d\u2019Alzheimer : pourquoi il ne faut pas abandonner le clinico-pathologique<\/strong><br>Article Univadis<\/a><\/div><\/div><div class=\"row mb-3\"><div class=\"col-12 pe-0\"><a href=\"https:\/\/imn.u-bordeaux.fr\/fr\/2026\/04\/22\/interview-chloe-mercier\/\"><div class=\"ratio ratio-3x2 news-img\"><img loading=\"lazy\" decoding=\"async\" width=\"180\" height=\"120\" src=\"https:\/\/imn.u-bordeaux.fr\/wp-content\/uploads\/sites\/26\/2026\/04\/chloe-mercier-300x200.png\" class=\"img-fluid wp-post-image\" alt=\"\" srcset=\"https:\/\/imn.u-bordeaux.fr\/wp-content\/uploads\/sites\/26\/2026\/04\/chloe-mercier-300x200.png 300w, https:\/\/imn.u-bordeaux.fr\/wp-content\/uploads\/sites\/26\/2026\/04\/chloe-mercier.png 720w\" sizes=\"auto, (max-width: 180px) 100vw, 180px\" \/><\/div><a href=\"https:\/\/imn.u-bordeaux.fr\/fr\/category\/interview-fr\/\" class=\"text-primary\">Interview<\/a><br><a href=\"https:\/\/imn.u-bordeaux.fr\/fr\/2026\/04\/22\/interview-chloe-mercier\/\" class=\"text-body\"><strong>Interview &#8211; Chlo\u00e9 Mercier<\/strong><br>Education et num\u00e9rique<\/a><\/div><\/div><div class=\"row mb-3\"><div class=\"col-12 pe-0\"><a href=\"https:\/\/imn.u-bordeaux.fr\/fr\/2026\/04\/17\/fabien-wagner-laureat-dune-medaille-de-bronze-du-cnrs\/\"><div class=\"ratio ratio-3x2 news-img\"><img loading=\"lazy\" decoding=\"async\" width=\"180\" height=\"120\" src=\"https:\/\/imn.u-bordeaux.fr\/wp-content\/uploads\/sites\/26\/2026\/04\/vignette_fabien_wagner-1-300x200.jpg\" class=\"img-fluid wp-post-image\" alt=\"\" srcset=\"https:\/\/imn.u-bordeaux.fr\/wp-content\/uploads\/sites\/26\/2026\/04\/vignette_fabien_wagner-1-300x200.jpg 300w, https:\/\/imn.u-bordeaux.fr\/wp-content\/uploads\/sites\/26\/2026\/04\/vignette_fabien_wagner-1.jpg 720w\" sizes=\"auto, (max-width: 180px) 100vw, 180px\" \/><\/div><a href=\"https:\/\/imn.u-bordeaux.fr\/fr\/category\/quoi-de-neuf\/\" class=\"text-primary\">Quoi de neuf ?<\/a><br><a href=\"https:\/\/imn.u-bordeaux.fr\/fr\/2026\/04\/17\/fabien-wagner-laureat-dune-medaille-de-bronze-du-cnrs\/\" class=\"text-body\"><strong>Fabien Wagner, laur\u00e9at d&rsquo;une m\u00e9daille de bronze du CNRS<\/strong><br>Chercheur \u00e0 l&rsquo;IMN<\/a><\/div><\/div><div class=\"row mb-3\"><div class=\"col-12 pe-0\"><a href=\"https:\/\/imn.u-bordeaux.fr\/fr\/2026\/03\/19\/entretien-nicolas-borderies\/\"><div class=\"ratio ratio-3x2 news-img\"><img loading=\"lazy\" decoding=\"async\" width=\"180\" height=\"120\" src=\"https:\/\/imn.u-bordeaux.fr\/wp-content\/uploads\/sites\/26\/2026\/03\/Nicolas-Borderies-300x200.png\" class=\"img-fluid wp-post-image\" alt=\"\" srcset=\"https:\/\/imn.u-bordeaux.fr\/wp-content\/uploads\/sites\/26\/2026\/03\/Nicolas-Borderies-300x200.png 300w, https:\/\/imn.u-bordeaux.fr\/wp-content\/uploads\/sites\/26\/2026\/03\/Nicolas-Borderies.png 720w\" sizes=\"auto, (max-width: 180px) 100vw, 180px\" \/><\/div><a href=\"https:\/\/imn.u-bordeaux.fr\/fr\/category\/quoi-de-neuf\/\" class=\"text-primary\">Quoi de neuf ?<\/a><br><a href=\"https:\/\/imn.u-bordeaux.fr\/fr\/2026\/03\/19\/entretien-nicolas-borderies\/\" class=\"text-body\"><strong>Entretien : Nicolas Borderies<\/strong><br>Pr\u00e9dire la d\u00e9pression post-AVC<\/a><\/div><\/div><\/div>\n\n\n<div class=\"wp-block-buttons is-content-justification-right is-layout-flex wp-container-core-buttons-is-layout-1 wp-block-buttons-is-layout-flex\">\n<div class=\"wp-block-button\"><a class=\"wp-block-button__link wp-element-button\" href=\"https:\/\/imn.u-bordeaux.fr\/en\/news\/\">Toutes nos actualit\u00e9s<\/a><\/div>\n<\/div>\n<\/div>\n\n\n\n<div class=\"wp-block-column px-3 is-layout-flow wp-block-column-is-layout-flow\" style=\"flex-basis:100%\">\n<h3 class=\"wp-block-heading text-primary\">Ev\u00e9nements<\/h3>\n\n\n<div class=\"buni-news\"><div class=\"row mb-3\"><div class=\"col-12\"><a href=\"https:\/\/imn.u-bordeaux.fr\/fr\/events\/pint-of-science-2026\/\" class=\"text-body\"><div class=\"ratio ratio-3x2 event-svg\">\n        <svg xmlns=\"http:\/\/www.w3.org\/2000\/svg\" version=\"1.1\" viewBox=\"0 0 720 480\">\n            <rect x=\"0\" y=\"0\" width=\"720\" height=\"480\" style=\"fill:#f5f5f5;\"><\/rect>\n            <text x=\"360\" y=\"225\" style=\"text-anchor: middle; font-family: 'Titillium Web', Lato, sans-serif; font-size: 95px; fill: #007eb3; font-weight: 700;\">18 mai<\/text>\n            <text x=\"360\" y=\"337\" style=\"text-anchor: middle; font-family: 'Titillium Web', Lato, sans-serif; font-size: 95px; fill: #007eb3; font-weight: 700;\">20 mai<\/text><\/svg><\/div><strong>Pint of science 2026<\/strong><br>13\u00e8me \u00e9dition<\/a><\/div><\/div><div class=\"row mb-3\"><div class=\"col-12\"><a href=\"https:\/\/imn.u-bordeaux.fr\/fr\/events\/seminar-benoit-gosselin\/\" class=\"text-body\"><div class=\"ratio ratio-3x2 event-svg\">\n            <svg xmlns=\"http:\/\/www.w3.org\/2000\/svg\" version=\"1.1\" viewBox=\"0 0 720 480\">\n                <rect x=\"0\" y=\"0\" width=\"720\" height=\"480\" style=\"fill:#f5f5f5;\"><\/rect>\n                <text x=\"360\" y=\"100\" style=\"text-anchor: middle; font-family: 'Titillium Web', Lato, sans-serif; font-size: 80px; fill: #7A7A7A; font-weight: 300;\">Lundi<\/text>\n                <text x=\"360\" y=\"269\" style=\"text-anchor: middle; font-family: 'Titillium Web', Lato, sans-serif; font-size: 95px; fill: #007eb3; font-weight: 700;\">18 mai<\/text>\n                <text x=\"360\" y=\"436\" style=\"text-anchor: middle; font-family: 'Titillium Web', Lato, sans-serif; font-size: 95px; fill: #007eb3; font-weight: 300;\">11:30 &#8211; 12:30<\/text>\n            <\/svg>\n            <\/div><strong>Seminar &#8211; Benoit Gosselin<\/strong><br>Intelligent Wireless Systems for Closed-Loop Electrophysiology and Optogenetics: From Brain Circuits to the Spinal Cord \/\/ Venue : Centre Broca<\/a><\/div><\/div><div class=\"row mb-3\"><div class=\"col-12\"><a href=\"https:\/\/imn.u-bordeaux.fr\/fr\/events\/journees-du-reseau-francais-de-la-recherche-reproductible\/\" class=\"text-body\"><div class=\"ratio ratio-3x2 event-svg\">\n        <svg xmlns=\"http:\/\/www.w3.org\/2000\/svg\" version=\"1.1\" viewBox=\"0 0 720 480\">\n            <rect x=\"0\" y=\"0\" width=\"720\" height=\"480\" style=\"fill:#f5f5f5;\"><\/rect>\n            <text x=\"360\" y=\"225\" style=\"text-anchor: middle; font-family: 'Titillium Web', Lato, sans-serif; font-size: 95px; fill: #007eb3; font-weight: 700;\">19 mai<\/text>\n            <text x=\"360\" y=\"337\" style=\"text-anchor: middle; font-family: 'Titillium Web', Lato, sans-serif; font-size: 95px; fill: #007eb3; font-weight: 700;\">21 mai<\/text><\/svg><\/div><strong>Journ\u00e9es du R\u00e9seau Fran\u00e7ais de la Recherche Reproductible<\/strong><br>Venue : Campus de la Victoire, Bordeaux La premi\u00e8re journ\u00e9e sera consacr\u00e9e \u00e0 l&rsquo;outil d&rsquo;environnement logiciel reproductible Guix. Les deux journ\u00e9es suivantes seront quant-\u00e0-elles orient\u00e9es vers un \u00e9change multidiciplinaire autour de la\u2026<\/a><\/div><\/div><div class=\"row mb-3\"><div class=\"col-12\"><a href=\"https:\/\/imn.u-bordeaux.fr\/fr\/events\/ohbm-2026\/\" class=\"text-body\"><div class=\"ratio ratio-3x2 event-svg\">\n        <svg xmlns=\"http:\/\/www.w3.org\/2000\/svg\" version=\"1.1\" viewBox=\"0 0 720 480\">\n            <rect x=\"0\" y=\"0\" width=\"720\" height=\"480\" style=\"fill:#f5f5f5;\"><\/rect>\n            <text x=\"360\" y=\"225\" style=\"text-anchor: middle; font-family: 'Titillium Web', Lato, sans-serif; font-size: 95px; fill: #007eb3; font-weight: 700;\">14 juin<\/text>\n            <text x=\"360\" y=\"337\" style=\"text-anchor: middle; font-family: 'Titillium Web', Lato, sans-serif; font-size: 95px; fill: #007eb3; font-weight: 700;\">18 juin<\/text><\/svg><\/div><strong>OHBM 2026<\/strong><br>Co-organized by Michel Thiebaut de Schotten and Chris Foulon<\/a><\/div><\/div><div class=\"row mb-3\"><div class=\"col-12\"><a href=\"https:\/\/imn.u-bordeaux.fr\/fr\/events\/3rd-european-purine-meeting\/\" class=\"text-body\"><div class=\"ratio ratio-3x2 event-svg\">\n        <svg xmlns=\"http:\/\/www.w3.org\/2000\/svg\" version=\"1.1\" viewBox=\"0 0 720 480\">\n            <rect x=\"0\" y=\"0\" width=\"720\" height=\"480\" style=\"fill:#f5f5f5;\"><\/rect>\n            <text x=\"360\" y=\"169\" style=\"text-anchor: middle; font-family: 'Titillium Web', Lato, sans-serif; font-size: 95px; fill: #007eb3; font-weight: 700;\">1 juillet<\/text>\n            <text x=\"360\" y=\"281\" style=\"text-anchor: middle; font-family: 'Titillium Web', Lato, sans-serif; font-size: 95px; fill: #007eb3; font-weight: 700;\">3 juillet<\/text><text x=\"360\" y=\"400\" style=\"text-anchor: middle; font-family: 'Titillium Web', Lato, sans-serif; font-size: 75px; fill: #7A7A7A; font-weight: 300;\">&nbsp; Campus Victo<\/text>\n                <g transform=\"scale(0.11) translate(400,3110)\">\n                    <path d=\"M192 512s192-208 192-320C384 86 298 0 192 0S0 86 0 192C0 304 192 512 192 512zm0-384a64 64 0 1 1 0 128 64 64 0 1 1 0-128z\" style=\"fill: #7A7A7A;\"><\/path>\n                <\/g><\/svg><\/div><strong>3rd European Purine Meeting<\/strong><br>Venue: Campus Victoire<\/a><\/div><\/div><\/div>\n\n\n<div class=\"wp-block-buttons is-content-justification-right is-layout-flex wp-container-core-buttons-is-layout-2 wp-block-buttons-is-layout-flex\">\n<div class=\"wp-block-button\"><a class=\"wp-block-button__link wp-element-button\" href=\"\/fr\/events\/\">Tous nos \u00e9v\u00e9nements<\/a><\/div>\n<\/div>\n<\/div>\n<\/div>\n<\/div><\/div>\n\n\n\n<div style=\"height:60px\" aria-hidden=\"true\" class=\"wp-block-spacer\"><\/div>\n<\/div><\/div>\n\n\n\n<div class=\"wp-block-group container-xxl\"><div class=\"wp-block-group__inner-container is-layout-constrained wp-block-group-is-layout-constrained\">\n<div style=\"height:60px\" aria-hidden=\"true\" class=\"wp-block-spacer\"><\/div>\n\n\n\n<div class=\"wp-block-columns is-layout-flex wp-container-core-columns-is-layout-3 wp-block-columns-is-layout-flex\">\n<div class=\"wp-block-column px-3 is-layout-flow wp-block-column-is-layout-flow\">\n<h3 class=\"wp-block-heading text-primary\">Derni\u00e8res publications scientifiques<\/h3>\n\n\n<p data-date=\"01778544000\"><p>\n                <a class=\"text-body\" href=\"https:\/\/doi.org\/10.1212\/wnl.0000000000214888\" title=\"Biological Age as a Readout of Cerebral Small Vessel Disease\" target=\"_blank\">\n                    <strong><em>Biological Age as a Readout of Cerebral Small Vessel Disease<\/em><\/strong><br\/>\n                    <span class=\"infosPub\">\n                        <strong class=\"author-magendie\">Thomas Tourdias<\/strong>, <strong class=\"author-imn\">Michel Thiebaut De Schotten<\/strong><br\/>\n                        <em>Neurology<\/em>. \n                        2026-05-12\n                    <\/span>\n                    <br\/>10.1212\/wnl.0000000000214888\n                <\/a>\n            <\/p><\/p><p data-date=\"01778457600\"><p>\n                <a class=\"text-body\" href=\"https:\/\/doi.org\/10.1038\/s41531-026-01383-y\" title=\"Shared and distinct lipid profiles in amygdala from sporadic and GBA-associated Parkinson&rsquo;s diseases\" target=\"_blank\">\n                    <strong><em>Shared and distinct lipid profiles in amygdala from sporadic and GBA-associated Parkinson\u2019s diseases<\/em><\/strong><br\/>\n                    <span class=\"infosPub\">\n                        Sonia S. Mu\u00f1oz, Frederik R. Marlet, Jesper E. Dreier, Mesut Bilgin, Katharina Schott, Krista B. S. Neergaard, <strong class=\"author-imn\">Erwan Bezard<\/strong>, <strong class=\"author-imn\">Benjamin Dehay<\/strong>, Zane Jaunmuktane, Kenji Maeda, C\u00e9line Galvagnion<br\/>\n                        <em>npj Parkinson&rsquo;s Disease<\/em>. \n                        2026-05-11\n                    <\/span>\n                    <br\/>10.1038\/s41531-026-01383-y\n                <\/a>\n            <\/p><\/p><p data-date=\"01777593600\"><p>\n                <a class=\"text-body\" href=\"https:\/\/doi.org\/10.1016\/j.mito.2026.102136\" title=\"Phenotypic description and functional characterization of the mitochondrial disease associated with the SFXN4 gene\" target=\"_blank\">\n                    <strong><em>Phenotypic description and functional characterization of the mitochondrial disease associated with the SFXN4 gene<\/em><\/strong><br\/>\n                    <span class=\"infosPub\">\n                        Sarah Courtois, <strong class=\"author-incia\">Chlo\u00e9 Angelini<\/strong>, Juliette Preud\u2019homme, M\u00e9gane Le Quang, Elodie Dumon, St\u00e9phanie Dulucq, Nathalie Aladjidi, Caroline Kannengiesser, <strong class=\"author-nutrineuro\">Pascal Barat<\/strong>, Sophie Naudion, Caroline Espil, <strong class=\"author-imn\">Marie-Laure Martin-Negrier<\/strong>, Aur\u00e9lien Trimouille<br\/>\n                        <em>Mitochondrion<\/em>. \n                        2026-05-01\n                    <\/span>\n                    <br\/>10.1016\/j.mito.2026.102136\n                <\/a>\n            <\/p><\/p>\n\n\n<div class=\"wp-block-buttons is-content-justification-right is-layout-flex wp-container-core-buttons-is-layout-3 wp-block-buttons-is-layout-flex\">\n<div class=\"wp-block-button\"><a class=\"wp-block-button__link wp-element-button\" href=\"\/fr\/articles\/\"><bdo lang=\"en\" dir=\"ltr\">Toutes nos publications scientifiques<\/bdo><\/a><\/div>\n<\/div>\n<\/div>\n\n\n\n<div class=\"wp-block-column px-2 is-layout-flow wp-block-column-is-layout-flow\">\n<h3 class=\"wp-block-heading text-primary\">Acc\u00e8s direct<\/h3>\n\n\n\n<div class=\"wp-block-columns is-layout-flex wp-container-core-columns-is-layout-2 wp-block-columns-is-layout-flex\">\n<div class=\"wp-block-column is-layout-flow wp-block-column-is-layout-flow\">\n<p><a class=\"go-further-button\" href=\"https:\/\/imn.u-bordeaux.fr\/fr\/contactez-nous\/\"><i class=\"fat fa-envelope fa-3x py-xl-3\"><\/i><strong>Contactez-<br>nous<\/strong><\/a><\/p>\n<\/div>\n\n\n\n<div class=\"wp-block-column is-layout-flow wp-block-column-is-layout-flow\">\n<p><a class=\"go-further-button\" href=\"https:\/\/www.bordeaux-neurocampus.fr\"><i class=\"fat fa-newspaper fa-3x py-xl-3\"><\/i><strong>Bordeaux Neurocampus<\/strong><\/a><\/p>\n<\/div>\n\n\n\n<div class=\"wp-block-column is-layout-flow wp-block-column-is-layout-flow\">\n<p><a class=\"go-further-button\" href=\"https:\/\/intranet-imn.u-bordeaux.fr\/\"><i class=\"fat fa-cloud fa-3x py-xl-3\"><\/i><strong>Intranet<\/strong><\/a><\/p>\n<\/div>\n<\/div>\n<\/div>\n<\/div>\n<\/div><\/div>\n\n\n\n<div style=\"height:60px\" aria-hidden=\"true\" class=\"wp-block-spacer\"><\/div>\n","protected":false},"excerpt":{"rendered":"<p>Notre projet L&rsquo;Institut des Maladies Neurod\u00e9g\u00e9n\u00e9ratives (IMN) a \u00e9t\u00e9 cr\u00e9\u00e9 le 1er janvier 2011. Il est le fruit de la [&hellip;]<\/p>\n","protected":false},"author":1,"featured_media":0,"parent":0,"menu_order":0,"comment_status":"closed","ping_status":"closed","template":"template-fullwidth.php","meta":{"footnotes":""},"class_list":["post-105","page","type-page","status-publish","hentry"],"_links":{"self":[{"href":"https:\/\/imn.u-bordeaux.fr\/fr\/wp-json\/wp\/v2\/pages\/105","targetHints":{"allow":["GET"]}}],"collection":[{"href":"https:\/\/imn.u-bordeaux.fr\/fr\/wp-json\/wp\/v2\/pages"}],"about":[{"href":"https:\/\/imn.u-bordeaux.fr\/fr\/wp-json\/wp\/v2\/types\/page"}],"author":[{"embeddable":true,"href":"https:\/\/imn.u-bordeaux.fr\/fr\/wp-json\/wp\/v2\/users\/1"}],"replies":[{"embeddable":true,"href":"https:\/\/imn.u-bordeaux.fr\/fr\/wp-json\/wp\/v2\/comments?post=105"}],"version-history":[{"count":36,"href":"https:\/\/imn.u-bordeaux.fr\/fr\/wp-json\/wp\/v2\/pages\/105\/revisions"}],"predecessor-version":[{"id":1719,"href":"https:\/\/imn.u-bordeaux.fr\/fr\/wp-json\/wp\/v2\/pages\/105\/revisions\/1719"}],"wp:attachment":[{"href":"https:\/\/imn.u-bordeaux.fr\/fr\/wp-json\/wp\/v2\/media?parent=105"}],"curies":[{"name":"wp","href":"https:\/\/api.w.org\/{rel}","templated":true}]}}