{"id":760,"date":"2025-04-30T10:25:03","date_gmt":"2025-04-30T08:25:03","guid":{"rendered":"https:\/\/imn-prod.onlinecreation.pro\/?page_id=760"},"modified":"2025-11-21T14:51:25","modified_gmt":"2025-11-21T13:51:25","slug":"research-teams","status":"publish","type":"page","link":"https:\/\/imn.u-bordeaux.fr\/en\/research-teams\/","title":{"rendered":"Research Teams"},"content":{"rendered":"\n<p><strong><a href=\"https:\/\/imn.u-bordeaux.fr\/en\/teams\/56848-pathophysiology-of-proteinopathies\/\">Team 1 &#8211; Pathophysiology of proteinopathies<\/a><\/strong><br>Erwan Bezard<\/p>\n\n\n\n<p><strong><a href=\"https:\/\/imn.u-bordeaux.fr\/en\/teams\/125573-purinergic-mediated-neuroinflammation-and-brain-disorders\/\">Team 2 &#8211; Purinergic mediated neuroinflammation and brain disorders<\/a><\/strong><br>Eric Bou\u00e9-Grabot, Marc Landry<\/p>\n\n\n\n<p><strong><a href=\"https:\/\/imn.u-bordeaux.fr\/en\/teams\/56843-dopamine-and-neuronal-assemblies\/\">Team 3 &#8211; Dopamine and neuronal assemblies<\/a><\/strong><br>J\u00e9r\u00f4me Baufreton, Fran\u00e7ois Georges<\/p>\n\n\n\n<p><strong><a href=\"https:\/\/imn.u-bordeaux.fr\/en\/teams\/56850-network-dynamics-for-procedural-learning\/\">Team 4 &#8211; Network dynamics for procedural learning<\/a><\/strong><br>Arthur Leblois, Nicolas Mallet<\/p>\n\n\n\n<p><strong><a href=\"https:\/\/imn.u-bordeaux.fr\/en\/teams\/56883-neurofunctional-imaging-group\/\">Team 5 &#8211; Neurofunctional imaging group<\/a><\/strong><br>Emmanuel Mellet, Michel Thiebaut de Schotten<\/p>\n\n\n\n<p><strong><a href=\"https:\/\/imn.u-bordeaux.fr\/en\/teams\/56844-neurochemistry-deep-brain-stimulation-and-parkinsons-disease\/\">Team 6 &#8211; Monoamines, Parkinson and Pain<\/a><\/strong><br>Abdelhamid Benazzouz, Pascal Fossat<\/p>\n\n\n\n<p><strong><a href=\"https:\/\/imn.u-bordeaux.fr\/en\/teams\/56839-computational-neuroscience\/\">Team 7 &#8211; Computational neuroscience<\/a><\/strong><br>Nicolas Rougier<\/p>\n\n\n\n<p><strong><a href=\"https:\/\/imn-prod.onlinecreation.pro\/en\/teams\/118290-neurodtx\/\">Team 8 &#8211; NeuroDTx: Neuromodulation and D<\/a><a href=\"https:\/\/imn.u-bordeaux.fr\/en\/teams\/118290-neurodtx\/\">i<\/a><a href=\"https:\/\/imn-prod.onlinecreation.pro\/en\/teams\/118290-neurodtx\/\">gital Therapeutics<\/a><\/strong><br>Am\u00e9lie Aussel, Fabien Wagner<\/p>\n\n\n\n<p><strong><a href=\"https:\/\/imn.u-bordeaux.fr\/en\/teams\/101423-pathophysiology-of-neuron-oligodendrocyte-interactions\/\">Team 9 &#8211; Pathophysiology of neuron-oligodendrocyte interactions<\/a><\/strong><br>Arne Battefeld<a href=\"https:\/\/imn.u-bordeaux.fr\/en\/research-teams\/\"><\/a><a href=\"https:\/\/imn.u-bordeaux.fr\/en\/research-teams\/\"><\/a><\/p>\n\n\n\n<p><strong><a href=\"https:\/\/imn.u-bordeaux.fr\/en\/teams\/142172-neuroscience-humanities-society\/\">Team 11 &#8211; Neuroscience, Humanities &amp; Society (NeHuS)<\/a><\/strong><br>C\u00e9dric Brun<\/p>\n\n\n\n<p><strong><a href=\"https:\/\/imn.u-bordeaux.fr\/en\/teams\/142179-imn-clinics\/\">Team 12 &#8211; IMN clinics<\/a><\/strong><br>Wassilios Meissner<\/p>\n\n\n\n<p><strong><a href=\"https:\/\/imn.u-bordeaux.fr\/en\/teams\/165153-synteam\/\">Team 13 &#8211; SynTeam<\/a><\/strong><br>Francesca De Giorgi, Fran\u00e7ois Ichas<a href=\"https:\/\/imn.u-bordeaux.fr\/en\/research-teams\/\"><\/a><\/p>\n\n\n\n<p><strong><a href=\"https:\/\/imn.u-bordeaux.fr\/en\/teams\/187497-neuroimmunology-lab\/\">Team 14 &#8211; NOMAD<\/a><\/strong><br>Agn\u00e8s Nadjar <br><\/p>\n\n\n\n<p><strong><a href=\"https:\/\/imn.u-bordeaux.fr\/en\/equipe-administrative-et-soutien-a-la-recherche\/\">Administrative and research support team<\/a><\/strong><\/p>\n","protected":false},"excerpt":{"rendered":"<p>Team 1 &#8211; Pathophysiology of proteinopathiesErwan Bezard Team 2 &#8211; Purinergic mediated neuroinflammation and brain disordersEric Bou\u00e9-Grabot, Marc Landry Team [&hellip;]<\/p>\n","protected":false},"author":8,"featured_media":0,"parent":0,"menu_order":0,"comment_status":"closed","ping_status":"closed","template":"","meta":{"footnotes":""},"class_list":["post-760","page","type-page","status-publish","hentry"],"_links":{"self":[{"href":"https:\/\/imn.u-bordeaux.fr\/en\/wp-json\/wp\/v2\/pages\/760","targetHints":{"allow":["GET"]}}],"collection":[{"href":"https:\/\/imn.u-bordeaux.fr\/en\/wp-json\/wp\/v2\/pages"}],"about":[{"href":"https:\/\/imn.u-bordeaux.fr\/en\/wp-json\/wp\/v2\/types\/page"}],"author":[{"embeddable":true,"href":"https:\/\/imn.u-bordeaux.fr\/en\/wp-json\/wp\/v2\/users\/8"}],"replies":[{"embeddable":true,"href":"https:\/\/imn.u-bordeaux.fr\/en\/wp-json\/wp\/v2\/comments?post=760"}],"version-history":[{"count":24,"href":"https:\/\/imn.u-bordeaux.fr\/en\/wp-json\/wp\/v2\/pages\/760\/revisions"}],"predecessor-version":[{"id":1301,"href":"https:\/\/imn.u-bordeaux.fr\/en\/wp-json\/wp\/v2\/pages\/760\/revisions\/1301"}],"wp:attachment":[{"href":"https:\/\/imn.u-bordeaux.fr\/en\/wp-json\/wp\/v2\/media?parent=760"}],"curies":[{"name":"wp","href":"https:\/\/api.w.org\/{rel}","templated":true}]}}