{"id":14,"date":"2024-12-27T15:47:19","date_gmt":"2024-12-27T14:47:19","guid":{"rendered":"https:\/\/imn-prod.onlinecreation.pro\/?page_id=14"},"modified":"2025-06-25T15:45:49","modified_gmt":"2025-06-25T13:45:49","slug":"research-axis","status":"publish","type":"page","link":"https:\/\/imn.u-bordeaux.fr\/en\/what-is-it\/research-axis\/","title":{"rendered":"Nos axes de recherche"},"content":{"rendered":"\n<h2 class=\"wp-block-heading\">Axe 1 : Biologie cellulaire et d\u00e9veloppement des cellules du syst\u00e8me nerveux et des synapses<\/h2>\n\n\n\n<ul class=\"wp-block-list\">\n<li><strong>Battefeld<\/strong> : <a href=\"https:\/\/www.bordeaux-neurocampus.fr\/team\/pathophysiology-of-neuron-oligodendrocyte-interactions\/\">Pathophysiology of neuron-oligodendrocyte interactions<\/a><\/li>\n\n\n\n<li><strong>Bou\u00e9-Grabot \/ Landry<\/strong> : <a href=\"https:\/\/www.bordeaux-neurocampus.fr\/team\/purinergic-mediated-neuroinflammation-and-brain-disorders\/\">Purinergic mediated neuroinflammation and brain disorders<\/a><br><br><strong>Mots-cl\u00e9s associ\u00e9s <\/strong>: Adh\u00e9sion cellulaire et cytosquelette, Complexes mol\u00e9culaires de la synapse, D\u00e9veloppement du syst\u00e8me nerveux, Energ\u00e9tique et Mitochondrie, Interactions neurones-glie, M\u00e9tabolisme, Physiologie synaptique, Signalisation, Trafic intracellulaire, Ultrastructure neuronale et morphog\u00e9n\u00e8se, Unit\u00e9 neuro-vasculaire<\/li>\n<\/ul>\n\n\n\n<h2 class=\"wp-block-heading\">Axe 2 : Dynamique des circuits neuronaux<\/h2>\n\n\n\n<ul class=\"wp-block-list\">\n<li><strong>Battefeld<\/strong> : <a href=\"https:\/\/www.bordeaux-neurocampus.fr\/team\/pathophysiology-of-neuron-oligodendrocyte-interactions\/\">Pathophysiology of neuron-oligodendrocyte interactions<\/a><\/li>\n\n\n\n<li><strong>Baufreton \/ Georges<\/strong> : <a href=\"https:\/\/www.bordeaux-neurocampus.fr\/team\/dopamine-and-neuronal-assemblies\/\">Dopamine and neuronal assemblies<\/a><\/li>\n\n\n\n<li><strong>Leblois \/ Mallet<\/strong> : <a href=\"https:\/\/www.bordeaux-neurocampus.fr\/team\/network-dynamics-for-procedural-learning\/\">Network dynamics for procedural learning<\/a><\/li>\n\n\n\n<li><strong>Rougier<\/strong> : <a href=\"https:\/\/www.bordeaux-neurocampus.fr\/team\/computational-neuroscience\/\">Computational Neuroscience<\/a><\/li>\n\n\n\n<li><strong>Wagner<\/strong> <strong>\/ Aussel<\/strong> : <a href=\"https:\/\/www.bordeaux-neurocampus.fr\/team\/neurodtx\/\">Neuromodulation and neuroprosthetics<\/a><\/li>\n<\/ul>\n\n\n\n<p><strong>Mots-cl\u00e9s associ\u00e9s :<\/strong> Assembl\u00e9es neuronales, Codage et int\u00e9gration du signal, Connectivit\u00e9, Excitabilit\u00e9 neuronale, Formation et fonctionnement des circuits neuronaux, Mod\u00e9lisation des neurones et des r\u00e9seaux de neurones, Neurophysiologie, Optog\u00e9n\u00e9tique, Plasticit\u00e9 des r\u00e9seaux, Plasticit\u00e9 synaptique<\/p>\n\n\n\n<h2 class=\"wp-block-heading\">Axe 3 : Syst\u00e8mes moteur et sensoriels<\/h2>\n\n\n\n<ul class=\"wp-block-list\">\n<li><strong>Rougier<\/strong> : <a href=\"https:\/\/www.bordeaux-neurocampus.fr\/team\/computational-neuroscience\/\">Computational Neuroscience<\/a><br><br><strong>Mots-cl\u00e9s associ\u00e9s : <\/strong>Douleur, Handicap, Motricit\u00e9, Mouvement, M\u00e9morisation des perceptions sensorielles, Somesth\u00e9sie, Syst\u00e8me auditif et d\u2019\u00e9quilibration, Syst\u00e8me olfactif, Troubles de l\u2019audition<\/li>\n<\/ul>\n\n\n\n<h2 class=\"wp-block-heading\">Axe 5 : Cerveau, cognition et comportement<\/h2>\n\n\n\n<ul class=\"wp-block-list\">\n<li><strong>Rougier <\/strong>: <a href=\"https:\/\/www.bordeaux-neurocampus.fr\/team\/computational-neuroscience\/\">Computational Neurosciences<\/a><\/li>\n\n\n\n<li><strong>Brun<\/strong> : <a href=\"https:\/\/www.bordeaux-neurocampus.fr\/team\/neuroscience-humanities-society\/\">Neuroscience, Humanities &amp; Society (NeHuS)<\/a><\/li>\n\n\n\n<li><strong>Leblois \/ Mallet<\/strong> : <a href=\"https:\/\/www.bordeaux-neurocampus.fr\/team\/network-dynamics-for-procedural-learning\/\">Network dynamics for procedural learning<\/a><\/li>\n\n\n\n<li><strong>Thiebaut de Schotten<\/strong> : <a href=\"https:\/\/www.bordeaux-neurocampus.fr\/team\/neurofunctional-imaging-group\/\">Neurofunctional imaging group<\/a><\/li>\n\n\n\n<li><strong>Rougier<\/strong> : <a href=\"https:\/\/www.bordeaux-neurocampus.fr\/team\/computational-neuroscience\/\">Computational Neuroscience<\/a><\/li>\n\n\n\n<li><strong>Wagner \/ Aussel<\/strong> : <a href=\"https:\/\/www.bordeaux-neurocampus.fr\/team\/neurodtx\/\">Neuromodulation and neuroprosthetics<\/a><br><br><strong>Mots-cl\u00e9s associ\u00e9s<\/strong> : Apprentissage, Attention, Bio\u00e9nerg\u00e9tique du cerveau et physiologie, Cognition, Emotion, Fonctions ex\u00e9cutives, Motivation, M\u00e9moire, Neuroimagerie chez l\u2019humain, Prise de d\u00e9cision, Sommeil \u2013 Troubles du sommeil, Troubles du comportement<\/li>\n<\/ul>\n\n\n\n<h2 class=\"wp-block-heading\">Axe 6 : Pathologies psychiatriques<\/h2>\n\n\n\n<ul class=\"wp-block-list\">\n<li><strong>Baufreton \/ Georges<\/strong> : <a href=\"https:\/\/www.bordeaux-neurocampus.fr\/team\/dopamine-and-neuronal-assemblies\/\">Dopamine and neuronal assemblies<\/a><br><br><strong>Mots-cl\u00e9s associ\u00e9s<\/strong> : ADHD (attention-deficit hyperactivity disorder), ASDs (Autism Spectrum Disorders), D\u00e9pression, Fragile X, Maladies Neuro-d\u00e9veloppementales, Maladies rares, Retard mental, Schizophr\u00e9nie, Troubles anxieux, Troubles des comportements alimentaires, Troubles des comportements chez l\u2019enfant et l\u2019adolescent, Troubles du sommeil<\/li>\n<\/ul>\n\n\n\n<h2 class=\"wp-block-heading\">Axe 7 : Maladies neurod\u00e9g\u00e9n\u00e9ratives et autres maladies neurologiques<\/h2>\n\n\n\n<ul class=\"wp-block-list\">\n<li><strong>Baufreton \/ Georges<\/strong> : <a href=\"https:\/\/www.bordeaux-neurocampus.fr\/team\/dopamine-and-neuronal-assemblies\/\">Dopamine and neuronal assemblies<\/a><\/li>\n\n\n\n<li><strong>Benazzouz \/ Fossat<\/strong> : <a href=\"https:\/\/www.bordeaux-neurocampus.fr\/team\/neurochemistry-deep-brain-stimulation-and-parkinsons-disease\/\">Monoamines, Parkinson and Pain<\/a><\/li>\n\n\n\n<li><strong>Bezard<\/strong> : <a href=\"https:\/\/www.bordeaux-neurocampus.fr\/team\/pathophysiology-of-proteinopathies\/\">Pathophysiology of proteinopathies<\/a><\/li>\n\n\n\n<li><strong>Bou\u00e9-Grabot \/ Landry<\/strong> : <a href=\"https:\/\/www.bordeaux-neurocampus.fr\/team\/purinergic-mediated-neuroinflammation-and-brain-disorders\/\">Purinergic mediated neuroinflammation and brain disorders<\/a><\/li>\n\n\n\n<li><strong>Meissner<\/strong> : <a href=\"https:\/\/www.bordeaux-neurocampus.fr\/team\/imn-clinics\/\">IMN clinics<\/a><br><br><strong>Mots-cl\u00e9s associ\u00e9s <\/strong>: AVC, Alzheimer, D\u00e9mences, D\u00e9pression, Epilepsie, Narcolepsie et hypersomnies, Parkinson, Pathologies du sommeil, Scl\u00e9rose en plaque, Scl\u00e9rose lat\u00e9rale amyotrophique<\/li>\n<\/ul>\n\n\n\n<h2 class=\"wp-block-heading\">Axe 9 : Neurotechnologies (D\u00e9veloppement de nouvelles technologies pour les neurosciences)<\/h2>\n\n\n\n<ul class=\"wp-block-list\">\n<li><strong>Wagner \/ Aussel<\/strong> : <a href=\"https:\/\/www.bordeaux-neurocampus.fr\/team\/neurodtx\/\">Neuromodulation and neuroprosthetics<\/a><br><br><strong>Mots-cl\u00e9s associ\u00e9s :<\/strong> Analyses des donn\u00e9es, Bio-informatique et analyse des donn\u00e9es, Bio-senseurs, Biochimie, Chimie, Comportement, Imagerie cellulaire in vitro ou in vivo, Intelligence artificielle et r\u00e9alit\u00e9 virtuelle, Interfaces humains-machines, Sant\u00e9 connect\u00e9e, Microfluidique, Microscopie super-r\u00e9solutive, Mod\u00e8le g\u00e9n\u00e9tique, Neurocomputation, Nouvelles approches en biologie structurale, Nouvelles m\u00e9thodes d\u2019imagerie chez l\u2019humain, Optog\u00e9n\u00e9tique et chemog\u00e9n\u00e9tique<\/li>\n<\/ul>\n\n\n\n<p><\/p>\n","protected":false},"excerpt":{"rendered":"<p>Axe 1 : Biologie cellulaire et d\u00e9veloppement des cellules du syst\u00e8me nerveux et des synapses Axe 2 : Dynamique des [&hellip;]<\/p>\n","protected":false},"author":1,"featured_media":0,"parent":4,"menu_order":0,"comment_status":"closed","ping_status":"closed","template":"","meta":{"footnotes":""},"class_list":["post-14","page","type-page","status-publish","hentry"],"_links":{"self":[{"href":"https:\/\/imn.u-bordeaux.fr\/en\/wp-json\/wp\/v2\/pages\/14","targetHints":{"allow":["GET"]}}],"collection":[{"href":"https:\/\/imn.u-bordeaux.fr\/en\/wp-json\/wp\/v2\/pages"}],"about":[{"href":"https:\/\/imn.u-bordeaux.fr\/en\/wp-json\/wp\/v2\/types\/page"}],"author":[{"embeddable":true,"href":"https:\/\/imn.u-bordeaux.fr\/en\/wp-json\/wp\/v2\/users\/1"}],"replies":[{"embeddable":true,"href":"https:\/\/imn.u-bordeaux.fr\/en\/wp-json\/wp\/v2\/comments?post=14"}],"version-history":[{"count":3,"href":"https:\/\/imn.u-bordeaux.fr\/en\/wp-json\/wp\/v2\/pages\/14\/revisions"}],"predecessor-version":[{"id":890,"href":"https:\/\/imn.u-bordeaux.fr\/en\/wp-json\/wp\/v2\/pages\/14\/revisions\/890"}],"up":[{"embeddable":true,"href":"https:\/\/imn.u-bordeaux.fr\/en\/wp-json\/wp\/v2\/pages\/4"}],"wp:attachment":[{"href":"https:\/\/imn.u-bordeaux.fr\/en\/wp-json\/wp\/v2\/media?parent=14"}],"curies":[{"name":"wp","href":"https:\/\/api.w.org\/{rel}","templated":true}]}}